{"id":1024,"date":"2026-01-10T17:13:29","date_gmt":"2026-01-10T16:13:29","guid":{"rendered":"https:\/\/boutique.graines-sabau.fr\/?post_type=product&#038;p=1024"},"modified":"2026-03-25T19:46:05","modified_gmt":"2026-03-25T18:46:05","slug":"chicoree-scarole-brillante-semences-enrobees","status":"publish","type":"product","link":"https:\/\/www.graines-sabau.fr\/index.php\/produit\/chicoree-scarole-brillante-semences-enrobees\/","title":{"rendered":"Chicor\u00e9e scarole &#8211; BRILLANTE (semences enrob\u00e9es)"},"content":{"rendered":"","protected":false},"excerpt":{"rendered":"<p>Pour des semis de mai \u00e0 juin.<\/p>\n<p>Pour des semis conseill\u00e9s en motte \u00e0 15?\/18?C.<\/p>\n<p>Quantit\u00e9s plus importantes disponibles sur devis.<\/p>\n","protected":false},"featured_media":2916,"template":"","meta":[],"product_brand":[],"product_cat":[147,293,294],"product_tag":[],"class_list":{"0":"post-1024","1":"product","2":"type-product","3":"status-publish","4":"has-post-thumbnail","6":"product_cat-chicoree-frisee-2","7":"product_cat-nos-enrobees","8":"product_cat-notre-selection","10":"first","11":"instock","12":"taxable","13":"shipping-taxable","14":"purchasable","15":"product-type-variable"},"_links":{"self":[{"href":"https:\/\/www.graines-sabau.fr\/index.php\/wp-json\/wp\/v2\/product\/1024","targetHints":{"allow":["GET"]}}],"collection":[{"href":"https:\/\/www.graines-sabau.fr\/index.php\/wp-json\/wp\/v2\/product"}],"about":[{"href":"https:\/\/www.graines-sabau.fr\/index.php\/wp-json\/wp\/v2\/types\/product"}],"wp:featuredmedia":[{"embeddable":true,"href":"https:\/\/www.graines-sabau.fr\/index.php\/wp-json\/wp\/v2\/media\/2916"}],"wp:attachment":[{"href":"https:\/\/www.graines-sabau.fr\/index.php\/wp-json\/wp\/v2\/media?parent=1024"}],"wp:term":[{"taxonomy":"product_brand","embeddable":true,"href":"https:\/\/www.graines-sabau.fr\/index.php\/wp-json\/wp\/v2\/product_brand?post=1024"},{"taxonomy":"product_cat","embeddable":true,"href":"https:\/\/www.graines-sabau.fr\/index.php\/wp-json\/wp\/v2\/product_cat?post=1024"},{"taxonomy":"product_tag","embeddable":true,"href":"https:\/\/www.graines-sabau.fr\/index.php\/wp-json\/wp\/v2\/product_tag?post=1024"}],"curies":[{"name":"wp","href":"https:\/\/api.w.org\/{rel}","templated":true}]}}