{"id":1079,"date":"2026-01-10T17:13:32","date_gmt":"2026-01-10T16:13:32","guid":{"rendered":"https:\/\/boutique.graines-sabau.fr\/?post_type=product&#038;p=1079"},"modified":"2026-03-25T19:55:32","modified_gmt":"2026-03-25T18:55:32","slug":"chou-frise-de-milan-wirosa-f1-automne-hiver","status":"publish","type":"product","link":"https:\/\/www.graines-sabau.fr\/index.php\/produit\/chou-frise-de-milan-wirosa-f1-automne-hiver\/","title":{"rendered":"Chou fris\u00e9 de Milan &#8211; WIROSA F1 (automne\/hiver)"},"content":{"rendered":"","protected":false},"excerpt":{"rendered":"<p>Tr\u00e8s homog\u00e8ne, pour le d\u00e9but de l&rsquo;hiver.<\/p>\n<p>Quantit\u00e9s plus importantes disponibles sur devis.<\/p>\n","protected":false},"featured_media":3567,"template":"","meta":[],"product_brand":[],"product_cat":[155],"product_tag":[],"class_list":{"0":"post-1079","1":"product","2":"type-product","3":"status-publish","4":"has-post-thumbnail","6":"product_cat-chou-de-milan","8":"first","9":"instock","10":"taxable","11":"shipping-taxable","12":"purchasable","13":"product-type-variable"},"_links":{"self":[{"href":"https:\/\/www.graines-sabau.fr\/index.php\/wp-json\/wp\/v2\/product\/1079","targetHints":{"allow":["GET"]}}],"collection":[{"href":"https:\/\/www.graines-sabau.fr\/index.php\/wp-json\/wp\/v2\/product"}],"about":[{"href":"https:\/\/www.graines-sabau.fr\/index.php\/wp-json\/wp\/v2\/types\/product"}],"wp:featuredmedia":[{"embeddable":true,"href":"https:\/\/www.graines-sabau.fr\/index.php\/wp-json\/wp\/v2\/media\/3567"}],"wp:attachment":[{"href":"https:\/\/www.graines-sabau.fr\/index.php\/wp-json\/wp\/v2\/media?parent=1079"}],"wp:term":[{"taxonomy":"product_brand","embeddable":true,"href":"https:\/\/www.graines-sabau.fr\/index.php\/wp-json\/wp\/v2\/product_brand?post=1079"},{"taxonomy":"product_cat","embeddable":true,"href":"https:\/\/www.graines-sabau.fr\/index.php\/wp-json\/wp\/v2\/product_cat?post=1079"},{"taxonomy":"product_tag","embeddable":true,"href":"https:\/\/www.graines-sabau.fr\/index.php\/wp-json\/wp\/v2\/product_tag?post=1079"}],"curies":[{"name":"wp","href":"https:\/\/api.w.org\/{rel}","templated":true}]}}