{"id":1092,"date":"2026-01-10T17:13:32","date_gmt":"2026-01-10T16:13:32","guid":{"rendered":"https:\/\/boutique.graines-sabau.fr\/?post_type=product&#038;p=1092"},"modified":"2026-03-25T19:59:28","modified_gmt":"2026-03-25T18:59:28","slug":"chou-fleur-spacestar-f1-printemps-ete","status":"publish","type":"product","link":"https:\/\/www.graines-sabau.fr\/index.php\/produit\/chou-fleur-spacestar-f1-printemps-ete\/","title":{"rendered":"Chou-fleur &#8211; SPACESTAR F1 (printemps\/\u00e9t\u00e9)"},"content":{"rendered":"","protected":false},"excerpt":{"rendered":"<p>Pour semis de f\u00e9vrier \u00e0 juin .<\/p>\n<p>Quantit\u00e9s plus importantes disponibles sur devis.<\/p>\n","protected":false},"featured_media":3582,"template":"","meta":[],"product_brand":[],"product_cat":[151,294],"product_tag":[],"class_list":{"0":"post-1092","1":"product","2":"type-product","3":"status-publish","4":"has-post-thumbnail","6":"product_cat-chou-fleur-2","7":"product_cat-notre-selection","9":"first","10":"instock","11":"taxable","12":"shipping-taxable","13":"purchasable","14":"product-type-variable"},"_links":{"self":[{"href":"https:\/\/www.graines-sabau.fr\/index.php\/wp-json\/wp\/v2\/product\/1092","targetHints":{"allow":["GET"]}}],"collection":[{"href":"https:\/\/www.graines-sabau.fr\/index.php\/wp-json\/wp\/v2\/product"}],"about":[{"href":"https:\/\/www.graines-sabau.fr\/index.php\/wp-json\/wp\/v2\/types\/product"}],"wp:featuredmedia":[{"embeddable":true,"href":"https:\/\/www.graines-sabau.fr\/index.php\/wp-json\/wp\/v2\/media\/3582"}],"wp:attachment":[{"href":"https:\/\/www.graines-sabau.fr\/index.php\/wp-json\/wp\/v2\/media?parent=1092"}],"wp:term":[{"taxonomy":"product_brand","embeddable":true,"href":"https:\/\/www.graines-sabau.fr\/index.php\/wp-json\/wp\/v2\/product_brand?post=1092"},{"taxonomy":"product_cat","embeddable":true,"href":"https:\/\/www.graines-sabau.fr\/index.php\/wp-json\/wp\/v2\/product_cat?post=1092"},{"taxonomy":"product_tag","embeddable":true,"href":"https:\/\/www.graines-sabau.fr\/index.php\/wp-json\/wp\/v2\/product_tag?post=1092"}],"curies":[{"name":"wp","href":"https:\/\/api.w.org\/{rel}","templated":true}]}}