{"id":1100,"date":"2026-01-10T17:13:32","date_gmt":"2026-01-10T16:13:32","guid":{"rendered":"https:\/\/boutique.graines-sabau.fr\/?post_type=product&#038;p=1100"},"modified":"2026-03-25T20:00:27","modified_gmt":"2026-03-25T19:00:27","slug":"concombre-aramon-f1-tres-long-de-serre","status":"publish","type":"product","link":"https:\/\/www.graines-sabau.fr\/index.php\/produit\/concombre-aramon-f1-tres-long-de-serre\/","title":{"rendered":"Concombre &#8211; ARAMON F1 (tr\u00e8s long de serre)"},"content":{"rendered":"","protected":false},"excerpt":{"rendered":"<p>Le concombre Aramon est une vari\u00e9t\u00e9 g\u00e9n\u00e9reuse et savoureuse, r\u00e9put\u00e9e pour sa chair croquante et rafraichissante.<br data-start=\"112\" data-end=\"115\" \/>Id\u00e9al en salade comme en ap\u00e9ritif, il s\u00e9duit par sa peau fine et sa grande productivit\u00e9 au potager.<br data-start=\"214\" data-end=\"217\" \/>Le semis du concombre Aramon s&rsquo;effectue g\u00e9n\u00e9ralement d&rsquo;avril \u00e0 juin, lorsque les temp\u00e9ratures sont douces et le sol bien r\u00e9chauff\u00e9.<br data-start=\"348\" data-end=\"351\" \/>Facile \u00e0 cultiver et vigoureux, il offre de belles r\u00e9coltes tout au long de l&rsquo;\u00e9t\u00e9.<\/p>\n<p>Quantit\u00e9s plus importantes disponibles sur devis.<\/p>\n","protected":false},"featured_media":3216,"template":"","meta":[],"product_brand":[],"product_cat":[162,294],"product_tag":[],"class_list":{"0":"post-1100","1":"product","2":"type-product","3":"status-publish","4":"has-post-thumbnail","6":"product_cat-concombre-2","7":"product_cat-notre-selection","9":"first","10":"instock","11":"taxable","12":"shipping-taxable","13":"purchasable","14":"product-type-variable"},"_links":{"self":[{"href":"https:\/\/www.graines-sabau.fr\/index.php\/wp-json\/wp\/v2\/product\/1100","targetHints":{"allow":["GET"]}}],"collection":[{"href":"https:\/\/www.graines-sabau.fr\/index.php\/wp-json\/wp\/v2\/product"}],"about":[{"href":"https:\/\/www.graines-sabau.fr\/index.php\/wp-json\/wp\/v2\/types\/product"}],"wp:featuredmedia":[{"embeddable":true,"href":"https:\/\/www.graines-sabau.fr\/index.php\/wp-json\/wp\/v2\/media\/3216"}],"wp:attachment":[{"href":"https:\/\/www.graines-sabau.fr\/index.php\/wp-json\/wp\/v2\/media?parent=1100"}],"wp:term":[{"taxonomy":"product_brand","embeddable":true,"href":"https:\/\/www.graines-sabau.fr\/index.php\/wp-json\/wp\/v2\/product_brand?post=1100"},{"taxonomy":"product_cat","embeddable":true,"href":"https:\/\/www.graines-sabau.fr\/index.php\/wp-json\/wp\/v2\/product_cat?post=1100"},{"taxonomy":"product_tag","embeddable":true,"href":"https:\/\/www.graines-sabau.fr\/index.php\/wp-json\/wp\/v2\/product_tag?post=1100"}],"curies":[{"name":"wp","href":"https:\/\/api.w.org\/{rel}","templated":true}]}}