{"id":1380,"date":"2026-01-10T17:13:42","date_gmt":"2026-01-10T16:13:42","guid":{"rendered":"https:\/\/boutique.graines-sabau.fr\/?post_type=product&#038;p=1380"},"modified":"2026-03-31T08:44:35","modified_gmt":"2026-03-31T06:44:35","slug":"laitue-batavia-verte-triathlon-decision-semences-enrobees","status":"publish","type":"product","link":"https:\/\/www.graines-sabau.fr\/index.php\/produit\/laitue-batavia-verte-triathlon-decision-semences-enrobees\/","title":{"rendered":"Laitue batavia verte &#8211; TRIATHLON \/ DECISION (semences enrob\u00e9es)"},"content":{"rendered":"","protected":false},"excerpt":{"rendered":"<p>Pour des semis de janvier \u00e0 fin ao\u00fbt.<\/p>\n<p>Pour des semis conseill\u00e9s en motte ? 15?\/18?C.<\/p>\n<p>Plants de salade de pleine terre (avec ou sans voile).<\/p>\n<p>Quantit\u00e9s plus importantes disponibles sur devis.<\/p>\n","protected":false},"featured_media":4079,"template":"","meta":[],"product_brand":[],"product_cat":[177,293,294],"product_tag":[],"class_list":{"0":"post-1380","1":"product","2":"type-product","3":"status-publish","4":"has-post-thumbnail","6":"product_cat-laitue-batavia-2","7":"product_cat-nos-enrobees","8":"product_cat-notre-selection","10":"first","11":"instock","12":"taxable","13":"shipping-taxable","14":"purchasable","15":"product-type-variable"},"_links":{"self":[{"href":"https:\/\/www.graines-sabau.fr\/index.php\/wp-json\/wp\/v2\/product\/1380","targetHints":{"allow":["GET"]}}],"collection":[{"href":"https:\/\/www.graines-sabau.fr\/index.php\/wp-json\/wp\/v2\/product"}],"about":[{"href":"https:\/\/www.graines-sabau.fr\/index.php\/wp-json\/wp\/v2\/types\/product"}],"wp:featuredmedia":[{"embeddable":true,"href":"https:\/\/www.graines-sabau.fr\/index.php\/wp-json\/wp\/v2\/media\/4079"}],"wp:attachment":[{"href":"https:\/\/www.graines-sabau.fr\/index.php\/wp-json\/wp\/v2\/media?parent=1380"}],"wp:term":[{"taxonomy":"product_brand","embeddable":true,"href":"https:\/\/www.graines-sabau.fr\/index.php\/wp-json\/wp\/v2\/product_brand?post=1380"},{"taxonomy":"product_cat","embeddable":true,"href":"https:\/\/www.graines-sabau.fr\/index.php\/wp-json\/wp\/v2\/product_cat?post=1380"},{"taxonomy":"product_tag","embeddable":true,"href":"https:\/\/www.graines-sabau.fr\/index.php\/wp-json\/wp\/v2\/product_tag?post=1380"}],"curies":[{"name":"wp","href":"https:\/\/api.w.org\/{rel}","templated":true}]}}