{"id":1387,"date":"2026-01-10T17:13:42","date_gmt":"2026-01-10T16:13:42","guid":{"rendered":"https:\/\/boutique.graines-sabau.fr\/?post_type=product&#038;p=1387"},"modified":"2026-03-27T06:51:41","modified_gmt":"2026-03-27T05:51:41","slug":"laitue-de-serre-gambetta-semences-enrobees","status":"publish","type":"product","link":"https:\/\/www.graines-sabau.fr\/index.php\/produit\/laitue-de-serre-gambetta-semences-enrobees\/","title":{"rendered":"Laitue de serre &#8211; GAMBETTA (semences enrob\u00e9es)"},"content":{"rendered":"<p>Pour des semis septembre \u00e0 f\u00e9vrier.<\/p>\n<p>Pour des semis conseill\u00e9s en motte \u00e0 15\u00b0\/18\u00b0C.<\/p>\n<p>Plants de salade de serre pour jours tr\u00e8s courts.<\/p>\n<p>Quantit\u00e9s plus importantes disponibles sur devis.<\/p>\n","protected":false},"excerpt":{"rendered":"<p>Pour des semis septembre \u00e0 f\u00e9vrier. Pour des semis conseill\u00e9s en motte \u00e0 15\u00b0\/18\u00b0C. Plants de salade de serre pour jours tr\u00e8s courts. Quantit\u00e9s plus importantes disponibles sur devis.<\/p>\n","protected":false},"featured_media":4084,"template":"","meta":[],"product_brand":[],"product_cat":[175,293,294],"product_tag":[],"class_list":{"0":"post-1387","1":"product","2":"type-product","3":"status-publish","4":"has-post-thumbnail","6":"product_cat-laitue-pommee-2","7":"product_cat-nos-enrobees","8":"product_cat-notre-selection","10":"first","11":"instock","12":"taxable","13":"shipping-taxable","14":"purchasable","15":"product-type-variable"},"_links":{"self":[{"href":"https:\/\/www.graines-sabau.fr\/index.php\/wp-json\/wp\/v2\/product\/1387","targetHints":{"allow":["GET"]}}],"collection":[{"href":"https:\/\/www.graines-sabau.fr\/index.php\/wp-json\/wp\/v2\/product"}],"about":[{"href":"https:\/\/www.graines-sabau.fr\/index.php\/wp-json\/wp\/v2\/types\/product"}],"wp:featuredmedia":[{"embeddable":true,"href":"https:\/\/www.graines-sabau.fr\/index.php\/wp-json\/wp\/v2\/media\/4084"}],"wp:attachment":[{"href":"https:\/\/www.graines-sabau.fr\/index.php\/wp-json\/wp\/v2\/media?parent=1387"}],"wp:term":[{"taxonomy":"product_brand","embeddable":true,"href":"https:\/\/www.graines-sabau.fr\/index.php\/wp-json\/wp\/v2\/product_brand?post=1387"},{"taxonomy":"product_cat","embeddable":true,"href":"https:\/\/www.graines-sabau.fr\/index.php\/wp-json\/wp\/v2\/product_cat?post=1387"},{"taxonomy":"product_tag","embeddable":true,"href":"https:\/\/www.graines-sabau.fr\/index.php\/wp-json\/wp\/v2\/product_tag?post=1387"}],"curies":[{"name":"wp","href":"https:\/\/api.w.org\/{rel}","templated":true}]}}