{"id":1394,"date":"2026-01-10T17:13:42","date_gmt":"2026-01-10T16:13:42","guid":{"rendered":"https:\/\/boutique.graines-sabau.fr\/?post_type=product&#038;p=1394"},"modified":"2026-03-27T06:49:34","modified_gmt":"2026-03-27T05:49:34","slug":"laitue-iceberg-cassenas-semences-enrobees","status":"publish","type":"product","link":"https:\/\/www.graines-sabau.fr\/index.php\/produit\/laitue-iceberg-cassenas-semences-enrobees\/","title":{"rendered":"Laitue iceberg &#8211; CASSENAS (semences enrob\u00e9es)"},"content":{"rendered":"","protected":false},"excerpt":{"rendered":"<p>La laitue Iceberg <strong data-start=\"18\" data-end=\"30\">Cassenas<\/strong> s\u00e9duit par sa pomme bien serr\u00e9e, croquante et juteuse, id\u00e9ale pour des salades fra\u00eeches et gourmandes.<br data-start=\"133\" data-end=\"136\" \/>Vari\u00e9t\u00e9 vigoureuse et r\u00e9sistante, elle offre une excellente tenue au potager comme en cuisine.<br data-start=\"230\" data-end=\"233\" \/>Son <strong data-start=\"237\" data-end=\"275\">semis s&rsquo;\u00e9ffectue de mars \u00e0 juillet <\/strong>(15\u00b0\/18\u00b0C), pour des r\u00e9coltes g\u00e9n\u00e9reuses du d\u00e9but de l&rsquo;\u00e9t\u00e9 \u00e0 l&rsquo;automne.<br data-start=\"336\" data-end=\"339\" \/>Facile \u00e0 cultiver et productive, la Cassenas est un incontournable pour des r\u00e9coltes r\u00e9guli\u00e8res et savoureuses.<\/p>\n<p>Plants de salade de pleine terre (avec ou sans voile).<\/p>\n<p>Quantit\u00e9s plus importantes disponibles sur devis.<\/p>\n","protected":false},"featured_media":4083,"template":"","meta":[],"product_brand":[],"product_cat":[175,293,294],"product_tag":[],"class_list":{"0":"post-1394","1":"product","2":"type-product","3":"status-publish","4":"has-post-thumbnail","6":"product_cat-laitue-pommee-2","7":"product_cat-nos-enrobees","8":"product_cat-notre-selection","10":"first","11":"instock","12":"taxable","13":"shipping-taxable","14":"purchasable","15":"product-type-variable"},"_links":{"self":[{"href":"https:\/\/www.graines-sabau.fr\/index.php\/wp-json\/wp\/v2\/product\/1394","targetHints":{"allow":["GET"]}}],"collection":[{"href":"https:\/\/www.graines-sabau.fr\/index.php\/wp-json\/wp\/v2\/product"}],"about":[{"href":"https:\/\/www.graines-sabau.fr\/index.php\/wp-json\/wp\/v2\/types\/product"}],"wp:featuredmedia":[{"embeddable":true,"href":"https:\/\/www.graines-sabau.fr\/index.php\/wp-json\/wp\/v2\/media\/4083"}],"wp:attachment":[{"href":"https:\/\/www.graines-sabau.fr\/index.php\/wp-json\/wp\/v2\/media?parent=1394"}],"wp:term":[{"taxonomy":"product_brand","embeddable":true,"href":"https:\/\/www.graines-sabau.fr\/index.php\/wp-json\/wp\/v2\/product_brand?post=1394"},{"taxonomy":"product_cat","embeddable":true,"href":"https:\/\/www.graines-sabau.fr\/index.php\/wp-json\/wp\/v2\/product_cat?post=1394"},{"taxonomy":"product_tag","embeddable":true,"href":"https:\/\/www.graines-sabau.fr\/index.php\/wp-json\/wp\/v2\/product_tag?post=1394"}],"curies":[{"name":"wp","href":"https:\/\/api.w.org\/{rel}","templated":true}]}}