{"id":1569,"date":"2026-01-10T17:13:47","date_gmt":"2026-01-10T16:13:47","guid":{"rendered":"https:\/\/boutique.graines-sabau.fr\/?post_type=product&#038;p=1569"},"modified":"2026-03-26T19:48:59","modified_gmt":"2026-03-26T18:48:59","slug":"poireau-forest-dhiver-tardif","status":"publish","type":"product","link":"https:\/\/www.graines-sabau.fr\/index.php\/produit\/poireau-forest-dhiver-tardif\/","title":{"rendered":"Poireau &#8211; FOREST (d&rsquo;hiver tardif )"},"content":{"rendered":"","protected":false},"excerpt":{"rendered":"<p>Bien r\u00e9sistant aux plus grands froids.<\/p>\n<p>La mineuse des <em>Allium<\/em>, dont la pupe brune lac\u00e8re le f\u00fbt des poireaux, a d\u00e9sormais envahit toutes nos r\u00e9gions. Le filet anti-insectes, pos\u00e9 assez t\u00f4t, est un rem\u00e8de efficace.<\/p>\n<p>Quantit\u00e9s plus importantes disponibles sur devis.<\/p>\n","protected":false},"featured_media":3536,"template":"","meta":[],"product_brand":[],"product_cat":[294,193],"product_tag":[],"class_list":{"0":"post-1569","1":"product","2":"type-product","3":"status-publish","4":"has-post-thumbnail","6":"product_cat-notre-selection","7":"product_cat-poireau-2","9":"first","10":"instock","11":"taxable","12":"shipping-taxable","13":"purchasable","14":"product-type-variable"},"_links":{"self":[{"href":"https:\/\/www.graines-sabau.fr\/index.php\/wp-json\/wp\/v2\/product\/1569","targetHints":{"allow":["GET"]}}],"collection":[{"href":"https:\/\/www.graines-sabau.fr\/index.php\/wp-json\/wp\/v2\/product"}],"about":[{"href":"https:\/\/www.graines-sabau.fr\/index.php\/wp-json\/wp\/v2\/types\/product"}],"wp:featuredmedia":[{"embeddable":true,"href":"https:\/\/www.graines-sabau.fr\/index.php\/wp-json\/wp\/v2\/media\/3536"}],"wp:attachment":[{"href":"https:\/\/www.graines-sabau.fr\/index.php\/wp-json\/wp\/v2\/media?parent=1569"}],"wp:term":[{"taxonomy":"product_brand","embeddable":true,"href":"https:\/\/www.graines-sabau.fr\/index.php\/wp-json\/wp\/v2\/product_brand?post=1569"},{"taxonomy":"product_cat","embeddable":true,"href":"https:\/\/www.graines-sabau.fr\/index.php\/wp-json\/wp\/v2\/product_cat?post=1569"},{"taxonomy":"product_tag","embeddable":true,"href":"https:\/\/www.graines-sabau.fr\/index.php\/wp-json\/wp\/v2\/product_tag?post=1569"}],"curies":[{"name":"wp","href":"https:\/\/api.w.org\/{rel}","templated":true}]}}