{"id":1580,"date":"2026-01-10T17:13:48","date_gmt":"2026-01-10T16:13:48","guid":{"rendered":"https:\/\/boutique.graines-sabau.fr\/?post_type=product&#038;p=1580"},"modified":"2026-03-13T17:18:46","modified_gmt":"2026-03-13T16:18:46","slug":"poireau-signora-hybride-f1","status":"publish","type":"product","link":"https:\/\/www.graines-sabau.fr\/index.php\/produit\/poireau-signora-hybride-f1\/","title":{"rendered":"Poireau SIGNORA Hybride F1"},"content":{"rendered":"","protected":false},"excerpt":{"rendered":"<p>Long blanc de 18 \u00e0 20 cm. Bon comportement vis-\u00e0-vis des thrips, de la rouille et du mildiou. Deviendront-ils incontournables malgr\u00e9 un prix de semence prohibitif??<\/p>\n<p>La mineuse des <em>Allium<\/em>, dont la pupe brune lac\u00e8re le f\u00fbt des poireaux, a d\u00e9sormais envahit toutes nos r\u00e9gions. Le filet anti-insectes, pos\u00e9 assez t\u00f4t, est un rem\u00e8de efficace.<\/p>\n<p>Quantit\u00e9s plus importantes disponibles sur devis.<\/p>\n","protected":false},"featured_media":3592,"template":"","meta":[],"product_brand":[],"product_cat":[193],"product_tag":[],"class_list":{"0":"post-1580","1":"product","2":"type-product","3":"status-publish","4":"has-post-thumbnail","6":"product_cat-poireau-2","8":"first","9":"instock","10":"taxable","11":"shipping-taxable","12":"purchasable","13":"product-type-variable"},"_links":{"self":[{"href":"https:\/\/www.graines-sabau.fr\/index.php\/wp-json\/wp\/v2\/product\/1580","targetHints":{"allow":["GET"]}}],"collection":[{"href":"https:\/\/www.graines-sabau.fr\/index.php\/wp-json\/wp\/v2\/product"}],"about":[{"href":"https:\/\/www.graines-sabau.fr\/index.php\/wp-json\/wp\/v2\/types\/product"}],"wp:featuredmedia":[{"embeddable":true,"href":"https:\/\/www.graines-sabau.fr\/index.php\/wp-json\/wp\/v2\/media\/3592"}],"wp:attachment":[{"href":"https:\/\/www.graines-sabau.fr\/index.php\/wp-json\/wp\/v2\/media?parent=1580"}],"wp:term":[{"taxonomy":"product_brand","embeddable":true,"href":"https:\/\/www.graines-sabau.fr\/index.php\/wp-json\/wp\/v2\/product_brand?post=1580"},{"taxonomy":"product_cat","embeddable":true,"href":"https:\/\/www.graines-sabau.fr\/index.php\/wp-json\/wp\/v2\/product_cat?post=1580"},{"taxonomy":"product_tag","embeddable":true,"href":"https:\/\/www.graines-sabau.fr\/index.php\/wp-json\/wp\/v2\/product_tag?post=1580"}],"curies":[{"name":"wp","href":"https:\/\/api.w.org\/{rel}","templated":true}]}}