{"id":1634,"date":"2026-01-10T17:13:50","date_gmt":"2026-01-10T16:13:50","guid":{"rendered":"https:\/\/boutique.graines-sabau.fr\/?post_type=product&#038;p=1634"},"modified":"2026-03-26T22:12:26","modified_gmt":"2026-03-26T21:12:26","slug":"poivron-vert-rouge-lamuyo-f1","status":"publish","type":"product","link":"https:\/\/www.graines-sabau.fr\/index.php\/produit\/poivron-vert-rouge-lamuyo-f1\/","title":{"rendered":"Poivron vert\/rouge &#8211; Lamuyo F1"},"content":{"rendered":"","protected":false},"excerpt":{"rendered":"<p>Le poivron Lamuyo s\u00e9duit par sa chair ?paisse, croquante et incroyablement juteuse.<br \/>\nSa saveur douce et l\u00e9g\u00e8rement sucr\u00e9e sublime aussi bien les salades fra\u00eeches que les plats grill\u00e9s.<br \/>\nColor\u00e9, g\u00e9n\u00e9reux et savoureux, il apporte soleil et gourmandise \u00e0 toutes vos recettes.<\/p>\n<p>Quantit\u00e9s plus importantes disponibles sur devis.<\/p>\n","protected":false},"featured_media":2698,"template":"","meta":[],"product_brand":[],"product_cat":[294,196],"product_tag":[],"class_list":{"0":"post-1634","1":"product","2":"type-product","3":"status-publish","4":"has-post-thumbnail","6":"product_cat-notre-selection","7":"product_cat-poivron-2","9":"first","10":"instock","11":"taxable","12":"shipping-taxable","13":"purchasable","14":"product-type-variable"},"_links":{"self":[{"href":"https:\/\/www.graines-sabau.fr\/index.php\/wp-json\/wp\/v2\/product\/1634","targetHints":{"allow":["GET"]}}],"collection":[{"href":"https:\/\/www.graines-sabau.fr\/index.php\/wp-json\/wp\/v2\/product"}],"about":[{"href":"https:\/\/www.graines-sabau.fr\/index.php\/wp-json\/wp\/v2\/types\/product"}],"wp:featuredmedia":[{"embeddable":true,"href":"https:\/\/www.graines-sabau.fr\/index.php\/wp-json\/wp\/v2\/media\/2698"}],"wp:attachment":[{"href":"https:\/\/www.graines-sabau.fr\/index.php\/wp-json\/wp\/v2\/media?parent=1634"}],"wp:term":[{"taxonomy":"product_brand","embeddable":true,"href":"https:\/\/www.graines-sabau.fr\/index.php\/wp-json\/wp\/v2\/product_brand?post=1634"},{"taxonomy":"product_cat","embeddable":true,"href":"https:\/\/www.graines-sabau.fr\/index.php\/wp-json\/wp\/v2\/product_cat?post=1634"},{"taxonomy":"product_tag","embeddable":true,"href":"https:\/\/www.graines-sabau.fr\/index.php\/wp-json\/wp\/v2\/product_tag?post=1634"}],"curies":[{"name":"wp","href":"https:\/\/api.w.org\/{rel}","templated":true}]}}