{"id":1696,"date":"2026-01-10T17:13:52","date_gmt":"2026-01-10T16:13:52","guid":{"rendered":"https:\/\/boutique.graines-sabau.fr\/?post_type=product&#038;p=1696"},"modified":"2026-03-26T22:23:18","modified_gmt":"2026-03-26T21:23:18","slug":"radis-rond-rouge-valerie-f1","status":"publish","type":"product","link":"https:\/\/www.graines-sabau.fr\/index.php\/produit\/radis-rond-rouge-valerie-f1\/","title":{"rendered":"Radis rond rouge &#8211; VALERIE F1"},"content":{"rendered":"","protected":false},"excerpt":{"rendered":"<p>Un radis d&rsquo;\u00e9t\u00e9 \u00e0 la couleur rouge, attrayante, bien r\u00e9sistant au creusement et \u00e0 l&rsquo;\u00e9clatement.<\/p>\n<p>Quantit\u00e9s plus importantes disponibles sur devis.<\/p>\n","protected":false},"featured_media":3209,"template":"","meta":[],"product_brand":[],"product_cat":[294,199],"product_tag":[],"class_list":{"0":"post-1696","1":"product","2":"type-product","3":"status-publish","4":"has-post-thumbnail","6":"product_cat-notre-selection","7":"product_cat-radis-2","9":"first","10":"instock","11":"taxable","12":"shipping-taxable","13":"purchasable","14":"product-type-variable"},"_links":{"self":[{"href":"https:\/\/www.graines-sabau.fr\/index.php\/wp-json\/wp\/v2\/product\/1696","targetHints":{"allow":["GET"]}}],"collection":[{"href":"https:\/\/www.graines-sabau.fr\/index.php\/wp-json\/wp\/v2\/product"}],"about":[{"href":"https:\/\/www.graines-sabau.fr\/index.php\/wp-json\/wp\/v2\/types\/product"}],"wp:featuredmedia":[{"embeddable":true,"href":"https:\/\/www.graines-sabau.fr\/index.php\/wp-json\/wp\/v2\/media\/3209"}],"wp:attachment":[{"href":"https:\/\/www.graines-sabau.fr\/index.php\/wp-json\/wp\/v2\/media?parent=1696"}],"wp:term":[{"taxonomy":"product_brand","embeddable":true,"href":"https:\/\/www.graines-sabau.fr\/index.php\/wp-json\/wp\/v2\/product_brand?post=1696"},{"taxonomy":"product_cat","embeddable":true,"href":"https:\/\/www.graines-sabau.fr\/index.php\/wp-json\/wp\/v2\/product_cat?post=1696"},{"taxonomy":"product_tag","embeddable":true,"href":"https:\/\/www.graines-sabau.fr\/index.php\/wp-json\/wp\/v2\/product_tag?post=1696"}],"curies":[{"name":"wp","href":"https:\/\/api.w.org\/{rel}","templated":true}]}}