{"id":3552,"date":"2026-02-06T09:35:12","date_gmt":"2026-02-06T08:35:12","guid":{"rendered":"https:\/\/boutique.graines-sabau.fr\/?post_type=product&#038;p=3552"},"modified":"2026-03-26T19:47:17","modified_gmt":"2026-03-26T18:47:17","slug":"poireau-lancelot","status":"publish","type":"product","link":"https:\/\/www.graines-sabau.fr\/index.php\/produit\/poireau-lancelot\/","title":{"rendered":"Poireau LANCELOT"},"content":{"rendered":"","protected":false},"excerpt":{"rendered":"<p>Peut se semer d\u00e8s f\u00e9vrier avec une bonne r\u00e9sistance \u00e0 la montaison. Il a un f\u00fbt gros et long.<\/p>\n<p>La mineuse des <em>Allium<\/em>, dont la pupe brune lac\u00e8re le f\u00fbt des poireaux, a d\u00e9sormais envahit toutes nos r\u00e9gions. Le filet anti-insectes, pos\u00e9 assez t\u00f4t, est un rem\u00e8de efficace.<\/p>\n<p>Quantit\u00e9s plus importantes disponibles sur devis.<\/p>\n","protected":false},"featured_media":4082,"template":"","meta":[],"product_brand":[],"product_cat":[294,193],"product_tag":[],"class_list":{"0":"post-3552","1":"product","2":"type-product","3":"status-publish","4":"has-post-thumbnail","6":"product_cat-notre-selection","7":"product_cat-poireau-2","9":"first","10":"instock","11":"taxable","12":"shipping-taxable","13":"purchasable","14":"product-type-variable"},"_links":{"self":[{"href":"https:\/\/www.graines-sabau.fr\/index.php\/wp-json\/wp\/v2\/product\/3552","targetHints":{"allow":["GET"]}}],"collection":[{"href":"https:\/\/www.graines-sabau.fr\/index.php\/wp-json\/wp\/v2\/product"}],"about":[{"href":"https:\/\/www.graines-sabau.fr\/index.php\/wp-json\/wp\/v2\/types\/product"}],"wp:featuredmedia":[{"embeddable":true,"href":"https:\/\/www.graines-sabau.fr\/index.php\/wp-json\/wp\/v2\/media\/4082"}],"wp:attachment":[{"href":"https:\/\/www.graines-sabau.fr\/index.php\/wp-json\/wp\/v2\/media?parent=3552"}],"wp:term":[{"taxonomy":"product_brand","embeddable":true,"href":"https:\/\/www.graines-sabau.fr\/index.php\/wp-json\/wp\/v2\/product_brand?post=3552"},{"taxonomy":"product_cat","embeddable":true,"href":"https:\/\/www.graines-sabau.fr\/index.php\/wp-json\/wp\/v2\/product_cat?post=3552"},{"taxonomy":"product_tag","embeddable":true,"href":"https:\/\/www.graines-sabau.fr\/index.php\/wp-json\/wp\/v2\/product_tag?post=3552"}],"curies":[{"name":"wp","href":"https:\/\/api.w.org\/{rel}","templated":true}]}}