{"id":4087,"date":"2026-03-28T09:06:41","date_gmt":"2026-03-28T08:06:41","guid":{"rendered":"https:\/\/www.graines-sabau.fr\/?post_type=product&#038;p=4087"},"modified":"2026-03-28T10:35:50","modified_gmt":"2026-03-28T09:35:50","slug":"voile-anti-insectes-tisse-en-6-metres-de-large","status":"publish","type":"product","link":"https:\/\/www.graines-sabau.fr\/index.php\/produit\/voile-anti-insectes-tisse-en-6-metres-de-large\/","title":{"rendered":"Voile anti-insectes tiss\u00e9 en 6 m\u00e8tres de large"},"content":{"rendered":"","protected":false},"excerpt":{"rendered":"<p>Voile contre les mouches, (vers de carottes, poireaux, navets &#8230;)<\/p>\n<p>contre les papillons (chenilles du pois, choux &#8230;)<\/p>\n<p>contre les lapins, les pigeons &#8230;<\/p>\n<p>Il r\u00e9siste 5 \u00e0 10 ans.<\/p>\n<p><strong><em>La quantit\u00e9 indique le nombre de m\u00e8tre d\u00e9sir\u00e9.<\/em><\/strong><\/p>\n","protected":false},"featured_media":4118,"template":"","meta":[],"product_brand":[],"product_cat":[335],"product_tag":[],"class_list":{"0":"post-4087","1":"product","2":"type-product","3":"status-publish","4":"has-post-thumbnail","6":"product_cat-accessoires","8":"first","9":"instock","10":"taxable","11":"shipping-taxable","12":"purchasable","13":"product-type-simple"},"_links":{"self":[{"href":"https:\/\/www.graines-sabau.fr\/index.php\/wp-json\/wp\/v2\/product\/4087","targetHints":{"allow":["GET"]}}],"collection":[{"href":"https:\/\/www.graines-sabau.fr\/index.php\/wp-json\/wp\/v2\/product"}],"about":[{"href":"https:\/\/www.graines-sabau.fr\/index.php\/wp-json\/wp\/v2\/types\/product"}],"wp:featuredmedia":[{"embeddable":true,"href":"https:\/\/www.graines-sabau.fr\/index.php\/wp-json\/wp\/v2\/media\/4118"}],"wp:attachment":[{"href":"https:\/\/www.graines-sabau.fr\/index.php\/wp-json\/wp\/v2\/media?parent=4087"}],"wp:term":[{"taxonomy":"product_brand","embeddable":true,"href":"https:\/\/www.graines-sabau.fr\/index.php\/wp-json\/wp\/v2\/product_brand?post=4087"},{"taxonomy":"product_cat","embeddable":true,"href":"https:\/\/www.graines-sabau.fr\/index.php\/wp-json\/wp\/v2\/product_cat?post=4087"},{"taxonomy":"product_tag","embeddable":true,"href":"https:\/\/www.graines-sabau.fr\/index.php\/wp-json\/wp\/v2\/product_tag?post=4087"}],"curies":[{"name":"wp","href":"https:\/\/api.w.org\/{rel}","templated":true}]}}