{"id":4092,"date":"2026-03-28T09:31:53","date_gmt":"2026-03-28T08:31:53","guid":{"rendered":"https:\/\/www.graines-sabau.fr\/?post_type=product&#038;p=4092"},"modified":"2026-03-28T15:17:23","modified_gmt":"2026-03-28T14:17:23","slug":"voile-anti-insectes-type-moustiquaire","status":"publish","type":"product","link":"https:\/\/www.graines-sabau.fr\/index.php\/produit\/voile-anti-insectes-type-moustiquaire\/","title":{"rendered":"Voile anti-insectes type en 2,10 m\u00e8tres de large \u00ab\u00a0Moustiquaire\u00a0\u00bb"},"content":{"rendered":"","protected":false},"excerpt":{"rendered":"<p>Contre les puces, les altises et les minuscules insectes qui minent les feuilles de radis, navets, choux, poireaux,\u00a0 roquette &#8230; jusqu&rsquo;\u00e0 la destruction. Il prot\u00e8ge aussi contre La mineuse des alliums, dont la pupe brune lac\u00e8re le f\u00fbt des poireaux, et qui a d\u00e9sormais envahi toutes nos r\u00e9gion.<\/p>\n<p>R\u00e9siste tr\u00e8s longtemps s&rsquo;il est soigneusement agraf\u00e9 sur un cadre en bois.<\/p>\n<p><strong><em>La quantit\u00e9 indique le nombre de m\u00e8tre d\u00e9sir\u00e9.<\/em><\/strong><\/p>\n","protected":false},"featured_media":4127,"template":"","meta":[],"product_brand":[],"product_cat":[335],"product_tag":[],"class_list":{"0":"post-4092","1":"product","2":"type-product","3":"status-publish","4":"has-post-thumbnail","6":"product_cat-accessoires","8":"first","9":"instock","10":"taxable","11":"shipping-taxable","12":"purchasable","13":"product-type-simple"},"_links":{"self":[{"href":"https:\/\/www.graines-sabau.fr\/index.php\/wp-json\/wp\/v2\/product\/4092","targetHints":{"allow":["GET"]}}],"collection":[{"href":"https:\/\/www.graines-sabau.fr\/index.php\/wp-json\/wp\/v2\/product"}],"about":[{"href":"https:\/\/www.graines-sabau.fr\/index.php\/wp-json\/wp\/v2\/types\/product"}],"wp:featuredmedia":[{"embeddable":true,"href":"https:\/\/www.graines-sabau.fr\/index.php\/wp-json\/wp\/v2\/media\/4127"}],"wp:attachment":[{"href":"https:\/\/www.graines-sabau.fr\/index.php\/wp-json\/wp\/v2\/media?parent=4092"}],"wp:term":[{"taxonomy":"product_brand","embeddable":true,"href":"https:\/\/www.graines-sabau.fr\/index.php\/wp-json\/wp\/v2\/product_brand?post=4092"},{"taxonomy":"product_cat","embeddable":true,"href":"https:\/\/www.graines-sabau.fr\/index.php\/wp-json\/wp\/v2\/product_cat?post=4092"},{"taxonomy":"product_tag","embeddable":true,"href":"https:\/\/www.graines-sabau.fr\/index.php\/wp-json\/wp\/v2\/product_tag?post=4092"}],"curies":[{"name":"wp","href":"https:\/\/api.w.org\/{rel}","templated":true}]}}