{"id":4103,"date":"2026-03-28T09:48:07","date_gmt":"2026-03-28T08:48:07","guid":{"rendered":"https:\/\/www.graines-sabau.fr\/?post_type=product&#038;p=4103"},"modified":"2026-03-28T10:50:30","modified_gmt":"2026-03-28T09:50:30","slug":"fin-voile-de-forcage-non-tisse-en-4-metres-de-large","status":"publish","type":"product","link":"https:\/\/www.graines-sabau.fr\/index.php\/produit\/fin-voile-de-forcage-non-tisse-en-4-metres-de-large\/","title":{"rendered":"Fin voile de for\u00e7age non tiss\u00e9 en 4 m\u00e8tres de large"},"content":{"rendered":"","protected":false},"excerpt":{"rendered":"<p>Contre le froid, lapins, oiseaux et insectes volants (altises, vers des radis, navets,etc &#8230;).<\/p>\n<p><em>Fragile, il ne r\u00e9siste que 1 ou 2 ans.<\/em><\/p>\n<p><strong><em>La quantit\u00e9 indique le nombre de m\u00e8tre d\u00e9sir\u00e9.<\/em><\/strong><\/p>\n","protected":false},"featured_media":4124,"template":"","meta":[],"product_brand":[],"product_cat":[335],"product_tag":[],"class_list":{"0":"post-4103","1":"product","2":"type-product","3":"status-publish","4":"has-post-thumbnail","6":"product_cat-accessoires","8":"first","9":"instock","10":"taxable","11":"shipping-taxable","12":"purchasable","13":"product-type-simple"},"_links":{"self":[{"href":"https:\/\/www.graines-sabau.fr\/index.php\/wp-json\/wp\/v2\/product\/4103","targetHints":{"allow":["GET"]}}],"collection":[{"href":"https:\/\/www.graines-sabau.fr\/index.php\/wp-json\/wp\/v2\/product"}],"about":[{"href":"https:\/\/www.graines-sabau.fr\/index.php\/wp-json\/wp\/v2\/types\/product"}],"wp:featuredmedia":[{"embeddable":true,"href":"https:\/\/www.graines-sabau.fr\/index.php\/wp-json\/wp\/v2\/media\/4124"}],"wp:attachment":[{"href":"https:\/\/www.graines-sabau.fr\/index.php\/wp-json\/wp\/v2\/media?parent=4103"}],"wp:term":[{"taxonomy":"product_brand","embeddable":true,"href":"https:\/\/www.graines-sabau.fr\/index.php\/wp-json\/wp\/v2\/product_brand?post=4103"},{"taxonomy":"product_cat","embeddable":true,"href":"https:\/\/www.graines-sabau.fr\/index.php\/wp-json\/wp\/v2\/product_cat?post=4103"},{"taxonomy":"product_tag","embeddable":true,"href":"https:\/\/www.graines-sabau.fr\/index.php\/wp-json\/wp\/v2\/product_tag?post=4103"}],"curies":[{"name":"wp","href":"https:\/\/api.w.org\/{rel}","templated":true}]}}