{"id":905,"date":"2026-01-10T17:13:25","date_gmt":"2026-01-10T16:13:25","guid":{"rendered":"https:\/\/boutique.graines-sabau.fr\/?post_type=product&#038;p=905"},"modified":"2026-03-26T21:53:48","modified_gmt":"2026-03-26T20:53:48","slug":"bulbilles-doignon-blanc-hatif-snowball-14-21","status":"publish","type":"product","link":"https:\/\/www.graines-sabau.fr\/index.php\/produit\/bulbilles-doignon-blanc-hatif-snowball-14-21\/","title":{"rendered":"Bulbilles d&rsquo;oignon blanc hatif &#8211; SNOWBALL 14\/21"},"content":{"rendered":"","protected":false},"excerpt":{"rendered":"<p>L&rsquo;oignon Snowball s\u00e9duit par ses bulbes bien ronds \u00e0 la robe blanche \u00e9clatante et \u00e0 la chair fine.<br data-start=\"98\" data-end=\"101\" \/>Doux et l\u00e9g\u00e8rement sucr\u00e9, il est parfait cru en salade comme cuit dans des plats d\u00e9licats.<br data-start=\"191\" data-end=\"194\" \/>Le semis de l&rsquo;oignon Snowball s&rsquo;effectue g\u00e9n\u00e9ralement de f\u00e9vrier \u00e0 avril, lorsque le sol commence \u00e0 se r\u00e9chauffer.<br data-start=\"308\" data-end=\"311\" \/>Productif et facile \u00e0 r\u00e9ussir.<\/p>\n<p>250 Bulbilles environ au Kg : 30 m\u00e8tres de ligne.<\/p>\n<p>Quantit\u00e9s plus importantes disponibles sur devis.<\/p>\n","protected":false},"featured_media":3639,"template":"","meta":[],"product_brand":[],"product_cat":[294,139],"product_tag":[],"class_list":{"0":"post-905","1":"product","2":"type-product","3":"status-publish","4":"has-post-thumbnail","6":"product_cat-notre-selection","7":"product_cat-oignon-2","9":"first","10":"instock","11":"taxable","12":"shipping-taxable","13":"purchasable","14":"product-type-variable"},"_links":{"self":[{"href":"https:\/\/www.graines-sabau.fr\/index.php\/wp-json\/wp\/v2\/product\/905","targetHints":{"allow":["GET"]}}],"collection":[{"href":"https:\/\/www.graines-sabau.fr\/index.php\/wp-json\/wp\/v2\/product"}],"about":[{"href":"https:\/\/www.graines-sabau.fr\/index.php\/wp-json\/wp\/v2\/types\/product"}],"wp:featuredmedia":[{"embeddable":true,"href":"https:\/\/www.graines-sabau.fr\/index.php\/wp-json\/wp\/v2\/media\/3639"}],"wp:attachment":[{"href":"https:\/\/www.graines-sabau.fr\/index.php\/wp-json\/wp\/v2\/media?parent=905"}],"wp:term":[{"taxonomy":"product_brand","embeddable":true,"href":"https:\/\/www.graines-sabau.fr\/index.php\/wp-json\/wp\/v2\/product_brand?post=905"},{"taxonomy":"product_cat","embeddable":true,"href":"https:\/\/www.graines-sabau.fr\/index.php\/wp-json\/wp\/v2\/product_cat?post=905"},{"taxonomy":"product_tag","embeddable":true,"href":"https:\/\/www.graines-sabau.fr\/index.php\/wp-json\/wp\/v2\/product_tag?post=905"}],"curies":[{"name":"wp","href":"https:\/\/api.w.org\/{rel}","templated":true}]}}