{"id":908,"date":"2026-01-10T17:13:26","date_gmt":"2026-01-10T16:13:26","guid":{"rendered":"https:\/\/boutique.graines-sabau.fr\/?post_type=product&#038;p=908"},"modified":"2026-03-26T21:57:11","modified_gmt":"2026-03-26T20:57:11","slug":"bulbilles-doignon-rouge-hatif-redray","status":"publish","type":"product","link":"https:\/\/www.graines-sabau.fr\/index.php\/produit\/bulbilles-doignon-rouge-hatif-redray\/","title":{"rendered":"Bulbilles d&rsquo;oignon rouge hatif &#8211; REDRAY"},"content":{"rendered":"","protected":false},"excerpt":{"rendered":"<p>L&rsquo;oignon Redray se distingue par sa belle couleur rouge profond et sa saveur douce et l\u00e9g\u00e8rement piquante.<br \/>\nSa chair juteuse et parfum\u00e9e en fait un alli\u00e9 parfait pour les salades, grillades ou plats mijot\u00e9s.<br \/>\nOn le s\u00e8me de f\u00e9vrier \u00e0 avril, selon le climat, pour profiter d&rsquo;une pousse vigoureuse et r\u00e9guli\u00e8re.<br \/>\nFacile \u00e0 cultiver et r\u00e9sistant, le Redray promet une r\u00e9colte abondante et des bulbes de qualit\u00e9 toute la saison.<\/p>\n<p>250 Bulbilles environ au Kg : 30 m\u00e8tres de ligne.<\/p>\n<p>Quantit\u00e9s plus importantes disponibles sur devis.<\/p>\n","protected":false},"featured_media":3651,"template":"","meta":[],"product_brand":[],"product_cat":[294,139],"product_tag":[],"class_list":{"0":"post-908","1":"product","2":"type-product","3":"status-publish","4":"has-post-thumbnail","6":"product_cat-notre-selection","7":"product_cat-oignon-2","9":"first","10":"instock","11":"taxable","12":"shipping-taxable","13":"purchasable","14":"product-type-variable"},"_links":{"self":[{"href":"https:\/\/www.graines-sabau.fr\/index.php\/wp-json\/wp\/v2\/product\/908","targetHints":{"allow":["GET"]}}],"collection":[{"href":"https:\/\/www.graines-sabau.fr\/index.php\/wp-json\/wp\/v2\/product"}],"about":[{"href":"https:\/\/www.graines-sabau.fr\/index.php\/wp-json\/wp\/v2\/types\/product"}],"wp:featuredmedia":[{"embeddable":true,"href":"https:\/\/www.graines-sabau.fr\/index.php\/wp-json\/wp\/v2\/media\/3651"}],"wp:attachment":[{"href":"https:\/\/www.graines-sabau.fr\/index.php\/wp-json\/wp\/v2\/media?parent=908"}],"wp:term":[{"taxonomy":"product_brand","embeddable":true,"href":"https:\/\/www.graines-sabau.fr\/index.php\/wp-json\/wp\/v2\/product_brand?post=908"},{"taxonomy":"product_cat","embeddable":true,"href":"https:\/\/www.graines-sabau.fr\/index.php\/wp-json\/wp\/v2\/product_cat?post=908"},{"taxonomy":"product_tag","embeddable":true,"href":"https:\/\/www.graines-sabau.fr\/index.php\/wp-json\/wp\/v2\/product_tag?post=908"}],"curies":[{"name":"wp","href":"https:\/\/api.w.org\/{rel}","templated":true}]}}