{"id":919,"date":"2026-01-10T17:13:26","date_gmt":"2026-01-10T16:13:26","guid":{"rendered":"https:\/\/boutique.graines-sabau.fr\/?post_type=product&#038;p=919"},"modified":"2026-03-25T19:40:12","modified_gmt":"2026-03-25T18:40:12","slug":"carotte-kamaran-f1-de-conservation","status":"publish","type":"product","link":"https:\/\/www.graines-sabau.fr\/index.php\/produit\/carotte-kamaran-f1-de-conservation\/","title":{"rendered":"Carotte &#8211; KAMARAN F1 (de conservation)"},"content":{"rendered":"","protected":false},"excerpt":{"rendered":"<p>Racine lisse, r\u00e9guli\u00e8re et tendre, elle a un coeur bien rouge et un go\u00fbt remarquable.<\/p>\n<p>Quantit\u00e9s plus importantes disponibles sur devis.<\/p>\n","protected":false},"featured_media":2974,"template":"","meta":[],"product_brand":[],"product_cat":[141,294],"product_tag":[],"class_list":{"0":"post-919","1":"product","2":"type-product","3":"status-publish","4":"has-post-thumbnail","6":"product_cat-carotte-2","7":"product_cat-notre-selection","9":"first","10":"instock","11":"featured","12":"taxable","13":"shipping-taxable","14":"purchasable","15":"product-type-variable"},"_links":{"self":[{"href":"https:\/\/www.graines-sabau.fr\/index.php\/wp-json\/wp\/v2\/product\/919","targetHints":{"allow":["GET"]}}],"collection":[{"href":"https:\/\/www.graines-sabau.fr\/index.php\/wp-json\/wp\/v2\/product"}],"about":[{"href":"https:\/\/www.graines-sabau.fr\/index.php\/wp-json\/wp\/v2\/types\/product"}],"wp:featuredmedia":[{"embeddable":true,"href":"https:\/\/www.graines-sabau.fr\/index.php\/wp-json\/wp\/v2\/media\/2974"}],"wp:attachment":[{"href":"https:\/\/www.graines-sabau.fr\/index.php\/wp-json\/wp\/v2\/media?parent=919"}],"wp:term":[{"taxonomy":"product_brand","embeddable":true,"href":"https:\/\/www.graines-sabau.fr\/index.php\/wp-json\/wp\/v2\/product_brand?post=919"},{"taxonomy":"product_cat","embeddable":true,"href":"https:\/\/www.graines-sabau.fr\/index.php\/wp-json\/wp\/v2\/product_cat?post=919"},{"taxonomy":"product_tag","embeddable":true,"href":"https:\/\/www.graines-sabau.fr\/index.php\/wp-json\/wp\/v2\/product_tag?post=919"}],"curies":[{"name":"wp","href":"https:\/\/api.w.org\/{rel}","templated":true}]}}