{"id":920,"date":"2026-01-10T17:13:26","date_gmt":"2026-01-10T16:13:26","guid":{"rendered":"https:\/\/boutique.graines-sabau.fr\/?post_type=product&#038;p=920"},"modified":"2026-04-01T20:28:56","modified_gmt":"2026-04-01T18:28:56","slug":"carotte-kamaran-f1-semences-enrobees","status":"publish","type":"product","link":"https:\/\/www.graines-sabau.fr\/index.php\/produit\/carotte-kamaran-f1-semences-enrobees\/","title":{"rendered":"Carotte &#8211; KAMARAN F1 (semences enrob\u00e9es)"},"content":{"rendered":"","protected":false},"excerpt":{"rendered":"<p>La carotte Kamaran s\u00e9duit les mara\u00eechers par sa racine longue, lisse et d&rsquo;un orange intense, id\u00e9ale pour le march\u00e9 du frais comme pour la botte.<br data-start=\"144\" data-end=\"147\" \/>Pr\u00e9coce et r\u00e9guli\u00e8re, elle offre un excellent rendement et une belle homog\u00e9n\u00e9it\u00e9, m\u00eame en conditions vari\u00e9es.<br data-start=\"256\" data-end=\"259\" \/>Ses p\u00e9riodes de semis s&rsquo;\u00e9tendent g\u00e9n\u00e9ralement de f\u00e9vrier \u00e0 juillet sous abri, puis de mars \u00e0 ao\u00fbt en plein champ selon les r\u00e9gions.<br data-start=\"390\" data-end=\"393\" \/>Productive et fiable, la Kamaran garantit des r\u00e9coltes \u00e9chelonn\u00e9es du printemps jusqu&rsquo;\u00e0 l&rsquo;automne pour valoriser chaque cr\u00e9neau de vente.<\/p>\n<p>Quantit\u00e9s plus importantes disponibles sur devis.<\/p>\n","protected":false},"featured_media":4168,"template":"","meta":[],"product_brand":[],"product_cat":[141,293,294],"product_tag":[],"class_list":{"0":"post-920","1":"product","2":"type-product","3":"status-publish","4":"has-post-thumbnail","6":"product_cat-carotte-2","7":"product_cat-nos-enrobees","8":"product_cat-notre-selection","10":"first","11":"instock","12":"featured","13":"taxable","14":"shipping-taxable","15":"purchasable","16":"product-type-simple"},"_links":{"self":[{"href":"https:\/\/www.graines-sabau.fr\/index.php\/wp-json\/wp\/v2\/product\/920","targetHints":{"allow":["GET"]}}],"collection":[{"href":"https:\/\/www.graines-sabau.fr\/index.php\/wp-json\/wp\/v2\/product"}],"about":[{"href":"https:\/\/www.graines-sabau.fr\/index.php\/wp-json\/wp\/v2\/types\/product"}],"wp:featuredmedia":[{"embeddable":true,"href":"https:\/\/www.graines-sabau.fr\/index.php\/wp-json\/wp\/v2\/media\/4168"}],"wp:attachment":[{"href":"https:\/\/www.graines-sabau.fr\/index.php\/wp-json\/wp\/v2\/media?parent=920"}],"wp:term":[{"taxonomy":"product_brand","embeddable":true,"href":"https:\/\/www.graines-sabau.fr\/index.php\/wp-json\/wp\/v2\/product_brand?post=920"},{"taxonomy":"product_cat","embeddable":true,"href":"https:\/\/www.graines-sabau.fr\/index.php\/wp-json\/wp\/v2\/product_cat?post=920"},{"taxonomy":"product_tag","embeddable":true,"href":"https:\/\/www.graines-sabau.fr\/index.php\/wp-json\/wp\/v2\/product_tag?post=920"}],"curies":[{"name":"wp","href":"https:\/\/api.w.org\/{rel}","templated":true}]}}