{"id":960,"date":"2026-01-10T17:13:27","date_gmt":"2026-01-10T16:13:27","guid":{"rendered":"https:\/\/boutique.graines-sabau.fr\/?post_type=product&#038;p=960"},"modified":"2026-03-25T19:35:24","modified_gmt":"2026-03-25T18:35:24","slug":"carotte-white-satin-f1-blanche","status":"publish","type":"product","link":"https:\/\/www.graines-sabau.fr\/index.php\/produit\/carotte-white-satin-f1-blanche\/","title":{"rendered":"Carotte &#8211; WHITE SATIN F1 (blanche)"},"content":{"rendered":"","protected":false},"excerpt":{"rendered":"<p>Ajout\u00e9es aux carottes classiques, les carottes d&rsquo;autres couleurs remplacent les biscuits ap\u00e9ritifs ou animent les plats mijot\u00e9s.<\/p>\n<p>Quantit\u00e9s plus importantes disponibles sur devis.<\/p>\n","protected":false},"featured_media":3005,"template":"","meta":[],"product_brand":[],"product_cat":[141,294],"product_tag":[],"class_list":{"0":"post-960","1":"product","2":"type-product","3":"status-publish","4":"has-post-thumbnail","6":"product_cat-carotte-2","7":"product_cat-notre-selection","9":"first","10":"instock","11":"taxable","12":"shipping-taxable","13":"purchasable","14":"product-type-variable"},"_links":{"self":[{"href":"https:\/\/www.graines-sabau.fr\/index.php\/wp-json\/wp\/v2\/product\/960","targetHints":{"allow":["GET"]}}],"collection":[{"href":"https:\/\/www.graines-sabau.fr\/index.php\/wp-json\/wp\/v2\/product"}],"about":[{"href":"https:\/\/www.graines-sabau.fr\/index.php\/wp-json\/wp\/v2\/types\/product"}],"wp:featuredmedia":[{"embeddable":true,"href":"https:\/\/www.graines-sabau.fr\/index.php\/wp-json\/wp\/v2\/media\/3005"}],"wp:attachment":[{"href":"https:\/\/www.graines-sabau.fr\/index.php\/wp-json\/wp\/v2\/media?parent=960"}],"wp:term":[{"taxonomy":"product_brand","embeddable":true,"href":"https:\/\/www.graines-sabau.fr\/index.php\/wp-json\/wp\/v2\/product_brand?post=960"},{"taxonomy":"product_cat","embeddable":true,"href":"https:\/\/www.graines-sabau.fr\/index.php\/wp-json\/wp\/v2\/product_cat?post=960"},{"taxonomy":"product_tag","embeddable":true,"href":"https:\/\/www.graines-sabau.fr\/index.php\/wp-json\/wp\/v2\/product_tag?post=960"}],"curies":[{"name":"wp","href":"https:\/\/api.w.org\/{rel}","templated":true}]}}